{"id":164,"date":"2025-11-25T12:32:16","date_gmt":"2025-11-25T12:32:16","guid":{"rendered":"https:\/\/eliapalma.estaciondiseno.es\/?page_id=164"},"modified":"2026-02-06T15:49:57","modified_gmt":"2026-02-06T15:49:57","slug":"sobre-mi","status":"publish","type":"page","link":"https:\/\/eliapalma.estaciondiseno.es\/index.php\/sobre-mi\/","title":{"rendered":"Sobre m\u00ed"},"content":{"rendered":"\t\t<div data-elementor-type=\"wp-page\" data-elementor-id=\"164\" class=\"elementor elementor-164\" data-elementor-post-type=\"page\">\n\t\t\t\t\t\t<section class=\"elementor-section elementor-top-section elementor-element elementor-element-2a85024 elementor-section-boxed elementor-section-height-default elementor-section-height-default\" data-id=\"2a85024\" data-element_type=\"section\">\n\t\t\t\t\t\t<div class=\"elementor-container elementor-column-gap-default\">\n\t\t\t\t\t<div class=\"elementor-column elementor-col-100 elementor-top-column elementor-element elementor-element-b62c568\" data-id=\"b62c568\" data-element_type=\"column\">\n\t\t\t<div class=\"elementor-widget-wrap elementor-element-populated\">\n\t\t\t\t\t\t<div class=\"elementor-element elementor-element-ed8ad8b elementor-widget elementor-widget-spacer\" data-id=\"ed8ad8b\" data-element_type=\"widget\" data-widget_type=\"spacer.default\">\n\t\t\t\t<div class=\"elementor-widget-container\">\n\t\t\t\t\t\t\t<div class=\"elementor-spacer\">\n\t\t\t<div class=\"elementor-spacer-inner\"><\/div>\n\t\t<\/div>\n\t\t\t\t\t\t<\/div>\n\t\t\t\t<\/div>\n\t\t\t\t\t<\/div>\n\t\t<\/div>\n\t\t\t\t\t<\/div>\n\t\t<\/section>\n\t\t\t\t<section class=\"elementor-section elementor-top-section elementor-element elementor-element-c4f14fb elementor-section-boxed elementor-section-height-default elementor-section-height-default\" data-id=\"c4f14fb\" data-element_type=\"section\">\n\t\t\t\t\t\t<div class=\"elementor-container elementor-column-gap-default\">\n\t\t\t\t\t<div class=\"elementor-column elementor-col-50 elementor-top-column elementor-element elementor-element-7232af2\" data-id=\"7232af2\" data-element_type=\"column\">\n\t\t\t<div class=\"elementor-widget-wrap elementor-element-populated\">\n\t\t\t\t\t\t<div class=\"elementor-element elementor-element-8b2c605 elementor-widget__width-initial elementor-widget elementor-widget-image\" data-id=\"8b2c605\" data-element_type=\"widget\" data-widget_type=\"image.default\">\n\t\t\t\t<div class=\"elementor-widget-container\">\n\t\t\t\t\t\t\t\t\t\t\t\t\t\t\t<img fetchpriority=\"high\" decoding=\"async\" width=\"1920\" height=\"2560\" src=\"https:\/\/eliapalma.estaciondiseno.es\/wp-content\/uploads\/2026\/02\/IMG_3954-scaled.jpeg\" class=\"attachment-full size-full wp-image-557\" alt=\"\" srcset=\"https:\/\/eliapalma.estaciondiseno.es\/wp-content\/uploads\/2026\/02\/IMG_3954-scaled.jpeg 1920w, https:\/\/eliapalma.estaciondiseno.es\/wp-content\/uploads\/2026\/02\/IMG_3954-225x300.jpeg 225w, https:\/\/eliapalma.estaciondiseno.es\/wp-content\/uploads\/2026\/02\/IMG_3954-768x1024.jpeg 768w, https:\/\/eliapalma.estaciondiseno.es\/wp-content\/uploads\/2026\/02\/IMG_3954-1152x1536.jpeg 1152w, https:\/\/eliapalma.estaciondiseno.es\/wp-content\/uploads\/2026\/02\/IMG_3954-1536x2048.jpeg 1536w\" sizes=\"(max-width: 1920px) 100vw, 1920px\" \/>\t\t\t\t\t\t\t\t\t\t\t\t\t\t\t<\/div>\n\t\t\t\t<\/div>\n\t\t\t\t\t<\/div>\n\t\t<\/div>\n\t\t\t\t<div class=\"elementor-column elementor-col-50 elementor-top-column elementor-element elementor-element-68fa77b\" data-id=\"68fa77b\" data-element_type=\"column\">\n\t\t\t<div class=\"elementor-widget-wrap elementor-element-populated\">\n\t\t\t\t\t\t<div class=\"elementor-element elementor-element-cd5a713 elementor-widget__width-initial elementor-widget elementor-widget-text-editor\" data-id=\"cd5a713\" data-element_type=\"widget\" data-widget_type=\"text-editor.default\">\n\t\t\t\t<div class=\"elementor-widget-container\">\n\t\t\t\t\t\t\t\t\t<p>Hola, soy Elia Palma, estoy en mi \u00faltimo a\u00f1o de Dise\u00f1o de Moda en Estaci\u00f3n Dise\u00f1o, es un momento que para m\u00ed significa mucho m\u00e1s que terminar una carrera; es el cierre de una etapa de b\u00fasqueda y el inicio de mi propia identidad como dise\u00f1adora.<\/p><p>Me considero una persona curiosa por naturaleza. No me quedo en la superficie de las cosas; me gusta investigar, entender de d\u00f3nde vienen los conceptos y c\u00f3mo transformarlos en algo real. Disfruto del proceso, de ese reto que supone enfrentarse a una hoja en blanco para acabar construyendo una prenda.<\/p><p>Creo en el dise\u00f1o con intenci\u00f3n y en la importancia de mantener siempre las ganas de aprender. Mi objetivo ahora es seguir evolucionando y aportar mi creatividad y mi capacidad de an\u00e1lisis a proyectos que busquen algo distinto.<\/p>\t\t\t\t\t\t\t\t<\/div>\n\t\t\t\t<\/div>\n\t\t\t\t\t<\/div>\n\t\t<\/div>\n\t\t\t\t\t<\/div>\n\t\t<\/section>\n\t\t\t\t<\/div>\n\t\t","protected":false},"excerpt":{"rendered":"<p>Hola, soy Elia Palma, estoy en mi \u00faltimo a\u00f1o de Dise\u00f1o de Moda en Estaci\u00f3n Dise\u00f1o, es un momento que para m\u00ed significa mucho m\u00e1s que terminar una carrera; es el cierre de una etapa de b\u00fasqueda y el inicio de mi propia identidad como dise\u00f1adora. Me considero una persona curiosa por naturaleza. No me [&hellip;]<\/p>\n","protected":false},"author":1,"featured_media":0,"parent":0,"menu_order":2,"comment_status":"closed","ping_status":"closed","template":"elementor_header_footer","meta":{"footnotes":""},"class_list":["post-164","page","type-page","status-publish","hentry"],"yoast_head":"<!-- This site is optimized with the Yoast SEO Premium plugin v20.12 (Yoast SEO v20.12) - https:\/\/yoast.com\/wordpress\/plugins\/seo\/ -->\n<title>Sobre m\u00ed - ELIA PALMA<\/title>\n<meta name=\"robots\" content=\"index, follow, max-snippet:-1, max-image-preview:large, max-video-preview:-1\" \/>\n<link rel=\"canonical\" href=\"https:\/\/eliapalma.estaciondiseno.es\/index.php\/sobre-mi\/\" \/>\n<meta property=\"og:locale\" content=\"es_ES\" \/>\n<meta property=\"og:type\" content=\"article\" \/>\n<meta property=\"og:title\" content=\"Sobre m\u00ed\" \/>\n<meta property=\"og:description\" content=\"Hola, soy Elia Palma, estoy en mi \u00faltimo a\u00f1o de Dise\u00f1o de Moda en Estaci\u00f3n Dise\u00f1o, es un momento que para m\u00ed significa mucho m\u00e1s que terminar una carrera; es el cierre de una etapa de b\u00fasqueda y el inicio de mi propia identidad como dise\u00f1adora. Me considero una persona curiosa por naturaleza. No me [&hellip;]\" \/>\n<meta property=\"og:url\" content=\"https:\/\/eliapalma.estaciondiseno.es\/index.php\/sobre-mi\/\" \/>\n<meta property=\"og:site_name\" content=\"ELIA PALMA\" \/>\n<meta property=\"article:modified_time\" content=\"2026-02-06T15:49:57+00:00\" \/>\n<meta property=\"og:image\" content=\"https:\/\/eliapalma.estaciondiseno.es\/wp-content\/uploads\/2026\/02\/IMG_3954-scaled.jpeg\" \/>\n<meta name=\"twitter:card\" content=\"summary_large_image\" \/>\n<meta name=\"twitter:label1\" content=\"Tiempo de lectura\" \/>\n\t<meta name=\"twitter:data1\" content=\"1 minuto\" \/>\n<script type=\"application\/ld+json\" class=\"yoast-schema-graph\">{\"@context\":\"https:\/\/schema.org\",\"@graph\":[{\"@type\":\"WebPage\",\"@id\":\"https:\/\/eliapalma.estaciondiseno.es\/index.php\/sobre-mi\/\",\"url\":\"https:\/\/eliapalma.estaciondiseno.es\/index.php\/sobre-mi\/\",\"name\":\"Sobre m\u00ed - ELIA PALMA\",\"isPartOf\":{\"@id\":\"https:\/\/eliapalma.estaciondiseno.es\/#website\"},\"datePublished\":\"2025-11-25T12:32:16+00:00\",\"dateModified\":\"2026-02-06T15:49:57+00:00\",\"breadcrumb\":{\"@id\":\"https:\/\/eliapalma.estaciondiseno.es\/index.php\/sobre-mi\/#breadcrumb\"},\"inLanguage\":\"es\",\"potentialAction\":[{\"@type\":\"ReadAction\",\"target\":[\"https:\/\/eliapalma.estaciondiseno.es\/index.php\/sobre-mi\/\"]}]},{\"@type\":\"BreadcrumbList\",\"@id\":\"https:\/\/eliapalma.estaciondiseno.es\/index.php\/sobre-mi\/#breadcrumb\",\"itemListElement\":[{\"@type\":\"ListItem\",\"position\":1,\"name\":\"Home\",\"item\":\"https:\/\/eliapalma.estaciondiseno.es\/\"},{\"@type\":\"ListItem\",\"position\":2,\"name\":\"Sobre m\u00ed\"}]},{\"@type\":\"WebSite\",\"@id\":\"https:\/\/eliapalma.estaciondiseno.es\/#website\",\"url\":\"https:\/\/eliapalma.estaciondiseno.es\/\",\"name\":\"ELIA PALMA\",\"description\":\"P\u00e1gina para mostrar mis proyectos.\",\"potentialAction\":[{\"@type\":\"SearchAction\",\"target\":{\"@type\":\"EntryPoint\",\"urlTemplate\":\"https:\/\/eliapalma.estaciondiseno.es\/?s={search_term_string}\"},\"query-input\":\"required name=search_term_string\"}],\"inLanguage\":\"es\"}]}<\/script>\n<!-- \/ Yoast SEO Premium plugin. -->","yoast_head_json":{"title":"Sobre m\u00ed - ELIA PALMA","robots":{"index":"index","follow":"follow","max-snippet":"max-snippet:-1","max-image-preview":"max-image-preview:large","max-video-preview":"max-video-preview:-1"},"canonical":"https:\/\/eliapalma.estaciondiseno.es\/index.php\/sobre-mi\/","og_locale":"es_ES","og_type":"article","og_title":"Sobre m\u00ed","og_description":"Hola, soy Elia Palma, estoy en mi \u00faltimo a\u00f1o de Dise\u00f1o de Moda en Estaci\u00f3n Dise\u00f1o, es un momento que para m\u00ed significa mucho m\u00e1s que terminar una carrera; es el cierre de una etapa de b\u00fasqueda y el inicio de mi propia identidad como dise\u00f1adora. Me considero una persona curiosa por naturaleza. No me [&hellip;]","og_url":"https:\/\/eliapalma.estaciondiseno.es\/index.php\/sobre-mi\/","og_site_name":"ELIA PALMA","article_modified_time":"2026-02-06T15:49:57+00:00","og_image":[{"url":"https:\/\/eliapalma.estaciondiseno.es\/wp-content\/uploads\/2026\/02\/IMG_3954-scaled.jpeg"}],"twitter_card":"summary_large_image","twitter_misc":{"Tiempo de lectura":"1 minuto"},"schema":{"@context":"https:\/\/schema.org","@graph":[{"@type":"WebPage","@id":"https:\/\/eliapalma.estaciondiseno.es\/index.php\/sobre-mi\/","url":"https:\/\/eliapalma.estaciondiseno.es\/index.php\/sobre-mi\/","name":"Sobre m\u00ed - ELIA PALMA","isPartOf":{"@id":"https:\/\/eliapalma.estaciondiseno.es\/#website"},"datePublished":"2025-11-25T12:32:16+00:00","dateModified":"2026-02-06T15:49:57+00:00","breadcrumb":{"@id":"https:\/\/eliapalma.estaciondiseno.es\/index.php\/sobre-mi\/#breadcrumb"},"inLanguage":"es","potentialAction":[{"@type":"ReadAction","target":["https:\/\/eliapalma.estaciondiseno.es\/index.php\/sobre-mi\/"]}]},{"@type":"BreadcrumbList","@id":"https:\/\/eliapalma.estaciondiseno.es\/index.php\/sobre-mi\/#breadcrumb","itemListElement":[{"@type":"ListItem","position":1,"name":"Home","item":"https:\/\/eliapalma.estaciondiseno.es\/"},{"@type":"ListItem","position":2,"name":"Sobre m\u00ed"}]},{"@type":"WebSite","@id":"https:\/\/eliapalma.estaciondiseno.es\/#website","url":"https:\/\/eliapalma.estaciondiseno.es\/","name":"ELIA PALMA","description":"P\u00e1gina para mostrar mis proyectos.","potentialAction":[{"@type":"SearchAction","target":{"@type":"EntryPoint","urlTemplate":"https:\/\/eliapalma.estaciondiseno.es\/?s={search_term_string}"},"query-input":"required name=search_term_string"}],"inLanguage":"es"}]}},"_links":{"self":[{"href":"https:\/\/eliapalma.estaciondiseno.es\/index.php\/wp-json\/wp\/v2\/pages\/164","targetHints":{"allow":["GET"]}}],"collection":[{"href":"https:\/\/eliapalma.estaciondiseno.es\/index.php\/wp-json\/wp\/v2\/pages"}],"about":[{"href":"https:\/\/eliapalma.estaciondiseno.es\/index.php\/wp-json\/wp\/v2\/types\/page"}],"author":[{"embeddable":true,"href":"https:\/\/eliapalma.estaciondiseno.es\/index.php\/wp-json\/wp\/v2\/users\/1"}],"replies":[{"embeddable":true,"href":"https:\/\/eliapalma.estaciondiseno.es\/index.php\/wp-json\/wp\/v2\/comments?post=164"}],"version-history":[{"count":35,"href":"https:\/\/eliapalma.estaciondiseno.es\/index.php\/wp-json\/wp\/v2\/pages\/164\/revisions"}],"predecessor-version":[{"id":595,"href":"https:\/\/eliapalma.estaciondiseno.es\/index.php\/wp-json\/wp\/v2\/pages\/164\/revisions\/595"}],"wp:attachment":[{"href":"https:\/\/eliapalma.estaciondiseno.es\/index.php\/wp-json\/wp\/v2\/media?parent=164"}],"curies":[{"name":"wp","href":"https:\/\/api.w.org\/{rel}","templated":true}]}}