{"id":432,"date":"2026-01-11T20:59:56","date_gmt":"2026-01-11T20:59:56","guid":{"rendered":"https:\/\/eliapalma.estaciondiseno.es\/?page_id=432"},"modified":"2026-02-04T22:16:02","modified_gmt":"2026-02-04T22:16:02","slug":"elia-palma-2","status":"publish","type":"page","link":"https:\/\/eliapalma.estaciondiseno.es\/","title":{"rendered":"ELIA PALMA"},"content":{"rendered":"\t\t<div data-elementor-type=\"wp-page\" data-elementor-id=\"432\" class=\"elementor elementor-432\" data-elementor-post-type=\"page\">\n\t\t\t\t\t\t<section class=\"elementor-section elementor-top-section elementor-element elementor-element-90c30ad elementor-section-boxed elementor-section-height-default elementor-section-height-default\" data-id=\"90c30ad\" data-element_type=\"section\">\n\t\t\t\t\t\t<div class=\"elementor-container elementor-column-gap-default\">\n\t\t\t\t\t<div class=\"elementor-column elementor-col-100 elementor-top-column elementor-element elementor-element-786d6b6\" data-id=\"786d6b6\" data-element_type=\"column\">\n\t\t\t<div class=\"elementor-widget-wrap elementor-element-populated\">\n\t\t\t\t\t\t<div class=\"elementor-element elementor-element-468c3cf elementor-widget elementor-widget-spacer\" data-id=\"468c3cf\" data-element_type=\"widget\" data-widget_type=\"spacer.default\">\n\t\t\t\t<div class=\"elementor-widget-container\">\n\t\t\t\t\t\t\t<div class=\"elementor-spacer\">\n\t\t\t<div class=\"elementor-spacer-inner\"><\/div>\n\t\t<\/div>\n\t\t\t\t\t\t<\/div>\n\t\t\t\t<\/div>\n\t\t\t\t\t<\/div>\n\t\t<\/div>\n\t\t\t\t\t<\/div>\n\t\t<\/section>\n\t\t\t\t<section class=\"elementor-section elementor-top-section elementor-element elementor-element-360364f elementor-section-boxed elementor-section-height-default elementor-section-height-default\" data-id=\"360364f\" data-element_type=\"section\">\n\t\t\t\t\t\t<div class=\"elementor-container elementor-column-gap-default\">\n\t\t\t\t\t<div class=\"elementor-column elementor-col-100 elementor-top-column elementor-element elementor-element-946247b\" data-id=\"946247b\" data-element_type=\"column\">\n\t\t\t<div class=\"elementor-widget-wrap elementor-element-populated\">\n\t\t\t\t\t\t<div class=\"elementor-element elementor-element-94f511c elementor-widget__width-initial elementor-widget elementor-widget-text-editor\" data-id=\"94f511c\" data-element_type=\"widget\" data-widget_type=\"text-editor.default\">\n\t\t\t\t<div class=\"elementor-widget-container\">\n\t\t\t\t\t\t\t\t\t<p><strong class=\"Yjhzub\" data-complete=\"true\" aria-owns=\"action-menu-parent-container\">Bienvenidos a Elia Palma, un proyecto de moda donde la sencillez se encuentra con la vanguardia. Creamos colecciones que destacan por la claridad de sus formas y un estilo visual impecable. Es dise\u00f1o de autor pensado para quienes buscan una imagen moderna, aut\u00e9ntica y con una narrativa art\u00edstica propia.<\/strong><\/p>\t\t\t\t\t\t\t\t<\/div>\n\t\t\t\t<\/div>\n\t\t\t\t\t<\/div>\n\t\t<\/div>\n\t\t\t\t\t<\/div>\n\t\t<\/section>\n\t\t\t\t<\/div>\n\t\t","protected":false},"excerpt":{"rendered":"<p>Bienvenidos a Elia Palma, un proyecto de moda donde la sencillez se encuentra con la vanguardia. Creamos colecciones que destacan por la claridad de sus formas y un estilo visual impecable. Es dise\u00f1o de autor pensado para quienes buscan una imagen moderna, aut\u00e9ntica y con una narrativa art\u00edstica propia.<\/p>\n","protected":false},"author":1,"featured_media":0,"parent":0,"menu_order":0,"comment_status":"closed","ping_status":"closed","template":"elementor_header_footer","meta":{"footnotes":""},"class_list":["post-432","page","type-page","status-publish","hentry"],"yoast_head":"<!-- This site is optimized with the Yoast SEO Premium plugin v20.12 (Yoast SEO v20.12) - https:\/\/yoast.com\/wordpress\/plugins\/seo\/ -->\n<title>ELIA PALMA - ELIA PALMA<\/title>\n<meta name=\"robots\" content=\"index, follow, max-snippet:-1, max-image-preview:large, max-video-preview:-1\" \/>\n<link rel=\"canonical\" href=\"https:\/\/eliapalma.estaciondiseno.es\/\" \/>\n<meta property=\"og:locale\" content=\"es_ES\" \/>\n<meta property=\"og:type\" content=\"article\" \/>\n<meta property=\"og:title\" content=\"ELIA PALMA\" \/>\n<meta property=\"og:description\" content=\"Bienvenidos a Elia Palma, un proyecto de moda donde la sencillez se encuentra con la vanguardia. Creamos colecciones que destacan por la claridad de sus formas y un estilo visual impecable. Es dise\u00f1o de autor pensado para quienes buscan una imagen moderna, aut\u00e9ntica y con una narrativa art\u00edstica propia.\" \/>\n<meta property=\"og:url\" content=\"https:\/\/eliapalma.estaciondiseno.es\/\" \/>\n<meta property=\"og:site_name\" content=\"ELIA PALMA\" \/>\n<meta property=\"article:modified_time\" content=\"2026-02-04T22:16:02+00:00\" \/>\n<meta name=\"twitter:card\" content=\"summary_large_image\" \/>\n<meta name=\"twitter:label1\" content=\"Tiempo de lectura\" \/>\n\t<meta name=\"twitter:data1\" content=\"1 minuto\" \/>\n<script type=\"application\/ld+json\" class=\"yoast-schema-graph\">{\"@context\":\"https:\/\/schema.org\",\"@graph\":[{\"@type\":\"WebPage\",\"@id\":\"https:\/\/eliapalma.estaciondiseno.es\/\",\"url\":\"https:\/\/eliapalma.estaciondiseno.es\/\",\"name\":\"ELIA PALMA - ELIA PALMA\",\"isPartOf\":{\"@id\":\"https:\/\/eliapalma.estaciondiseno.es\/#website\"},\"datePublished\":\"2026-01-11T20:59:56+00:00\",\"dateModified\":\"2026-02-04T22:16:02+00:00\",\"breadcrumb\":{\"@id\":\"https:\/\/eliapalma.estaciondiseno.es\/#breadcrumb\"},\"inLanguage\":\"es\",\"potentialAction\":[{\"@type\":\"ReadAction\",\"target\":[\"https:\/\/eliapalma.estaciondiseno.es\/\"]}]},{\"@type\":\"BreadcrumbList\",\"@id\":\"https:\/\/eliapalma.estaciondiseno.es\/#breadcrumb\",\"itemListElement\":[{\"@type\":\"ListItem\",\"position\":1,\"name\":\"Home\",\"item\":\"https:\/\/eliapalma.estaciondiseno.es\/\"},{\"@type\":\"ListItem\",\"position\":2,\"name\":\"ELIA PALMA\"}]},{\"@type\":\"WebSite\",\"@id\":\"https:\/\/eliapalma.estaciondiseno.es\/#website\",\"url\":\"https:\/\/eliapalma.estaciondiseno.es\/\",\"name\":\"ELIA PALMA\",\"description\":\"P\u00e1gina para mostrar mis proyectos.\",\"potentialAction\":[{\"@type\":\"SearchAction\",\"target\":{\"@type\":\"EntryPoint\",\"urlTemplate\":\"https:\/\/eliapalma.estaciondiseno.es\/?s={search_term_string}\"},\"query-input\":\"required name=search_term_string\"}],\"inLanguage\":\"es\"}]}<\/script>\n<!-- \/ Yoast SEO Premium plugin. -->","yoast_head_json":{"title":"ELIA PALMA - ELIA PALMA","robots":{"index":"index","follow":"follow","max-snippet":"max-snippet:-1","max-image-preview":"max-image-preview:large","max-video-preview":"max-video-preview:-1"},"canonical":"https:\/\/eliapalma.estaciondiseno.es\/","og_locale":"es_ES","og_type":"article","og_title":"ELIA PALMA","og_description":"Bienvenidos a Elia Palma, un proyecto de moda donde la sencillez se encuentra con la vanguardia. Creamos colecciones que destacan por la claridad de sus formas y un estilo visual impecable. Es dise\u00f1o de autor pensado para quienes buscan una imagen moderna, aut\u00e9ntica y con una narrativa art\u00edstica propia.","og_url":"https:\/\/eliapalma.estaciondiseno.es\/","og_site_name":"ELIA PALMA","article_modified_time":"2026-02-04T22:16:02+00:00","twitter_card":"summary_large_image","twitter_misc":{"Tiempo de lectura":"1 minuto"},"schema":{"@context":"https:\/\/schema.org","@graph":[{"@type":"WebPage","@id":"https:\/\/eliapalma.estaciondiseno.es\/","url":"https:\/\/eliapalma.estaciondiseno.es\/","name":"ELIA PALMA - ELIA PALMA","isPartOf":{"@id":"https:\/\/eliapalma.estaciondiseno.es\/#website"},"datePublished":"2026-01-11T20:59:56+00:00","dateModified":"2026-02-04T22:16:02+00:00","breadcrumb":{"@id":"https:\/\/eliapalma.estaciondiseno.es\/#breadcrumb"},"inLanguage":"es","potentialAction":[{"@type":"ReadAction","target":["https:\/\/eliapalma.estaciondiseno.es\/"]}]},{"@type":"BreadcrumbList","@id":"https:\/\/eliapalma.estaciondiseno.es\/#breadcrumb","itemListElement":[{"@type":"ListItem","position":1,"name":"Home","item":"https:\/\/eliapalma.estaciondiseno.es\/"},{"@type":"ListItem","position":2,"name":"ELIA PALMA"}]},{"@type":"WebSite","@id":"https:\/\/eliapalma.estaciondiseno.es\/#website","url":"https:\/\/eliapalma.estaciondiseno.es\/","name":"ELIA PALMA","description":"P\u00e1gina para mostrar mis proyectos.","potentialAction":[{"@type":"SearchAction","target":{"@type":"EntryPoint","urlTemplate":"https:\/\/eliapalma.estaciondiseno.es\/?s={search_term_string}"},"query-input":"required name=search_term_string"}],"inLanguage":"es"}]}},"_links":{"self":[{"href":"https:\/\/eliapalma.estaciondiseno.es\/index.php\/wp-json\/wp\/v2\/pages\/432","targetHints":{"allow":["GET"]}}],"collection":[{"href":"https:\/\/eliapalma.estaciondiseno.es\/index.php\/wp-json\/wp\/v2\/pages"}],"about":[{"href":"https:\/\/eliapalma.estaciondiseno.es\/index.php\/wp-json\/wp\/v2\/types\/page"}],"author":[{"embeddable":true,"href":"https:\/\/eliapalma.estaciondiseno.es\/index.php\/wp-json\/wp\/v2\/users\/1"}],"replies":[{"embeddable":true,"href":"https:\/\/eliapalma.estaciondiseno.es\/index.php\/wp-json\/wp\/v2\/comments?post=432"}],"version-history":[{"count":31,"href":"https:\/\/eliapalma.estaciondiseno.es\/index.php\/wp-json\/wp\/v2\/pages\/432\/revisions"}],"predecessor-version":[{"id":591,"href":"https:\/\/eliapalma.estaciondiseno.es\/index.php\/wp-json\/wp\/v2\/pages\/432\/revisions\/591"}],"wp:attachment":[{"href":"https:\/\/eliapalma.estaciondiseno.es\/index.php\/wp-json\/wp\/v2\/media?parent=432"}],"curies":[{"name":"wp","href":"https:\/\/api.w.org\/{rel}","templated":true}]}}